{"id":10,"date":"2025-10-29T21:42:47","date_gmt":"2025-10-29T20:42:47","guid":{"rendered":"https:\/\/www.fclproperty.cz\/?page_id=10"},"modified":"2025-11-03T15:08:56","modified_gmt":"2025-11-03T14:08:56","slug":"fcl-property","status":"publish","type":"page","link":"https:\/\/www.fclproperty.cz\/","title":{"rendered":"FCL Property"},"content":{"rendered":"<p>[et_pb_section fb_built=&#8220;1&#8243; specialty=&#8220;on&#8220; _builder_version=&#8220;4.27.4&#8243; background_image=&#8220;http:\/\/www.fclproperty.cz\/wp-content\/uploads\/2025\/11\/Prague_PBIS_Facilities_home_1440x481.webp&#8220; inner_width=&#8220;90%&#8220; inner_width_tablet=&#8220;90%&#8220; inner_width_phone=&#8220;90%&#8220; inner_width_last_edited=&#8220;on|tablet&#8220; inner_max_width_tablet=&#8220;90%&#8220; inner_max_width_phone=&#8220;90%&#8220; inner_max_width_last_edited=&#8220;off|desktop&#8220; custom_margin=&#8220;60px||||false|false&#8220; custom_margin_tablet=&#8220;0px||||false|false&#8220; custom_margin_phone=&#8220;0px||||false|false&#8220; custom_margin_last_edited=&#8220;on|phone&#8220; custom_padding=&#8220;0px||0px||true|&#8220; animation_direction=&#8220;left&#8220; global_colors_info=&#8220;{}&#8220;][et_pb_column type=&#8220;1_2&#8243; _builder_version=&#8220;4.16&#8243; custom_padding=&#8220;|||&#8220; global_colors_info=&#8220;{}&#8220; custom_padding__hover=&#8220;|||&#8220;][\/et_pb_column][et_pb_column type=&#8220;1_2&#8243; specialty_columns=&#8220;2&#8243; _builder_version=&#8220;4.16&#8243; custom_padding=&#8220;|||&#8220; global_colors_info=&#8220;{}&#8220; custom_padding__hover=&#8220;|||&#8220;][et_pb_row_inner custom_padding_last_edited=&#8220;on|desktop&#8220; module_id=&#8220;o-nas&#8220; _builder_version=&#8220;4.27.4&#8243; background_color=&#8220;rgba(192,219,226,0.75)&#8220; background_size=&#8220;initial&#8220; background_position=&#8220;bottom_left&#8220; width_tablet=&#8220;90%&#8220; width_phone=&#8220;90%&#8220; width_last_edited=&#8220;on|phone&#8220; max_width_tablet=&#8220;470px&#8220; max_width_phone=&#8220;90%&#8220; max_width_last_edited=&#8220;on|phone&#8220; custom_margin=&#8220;-60px||-55px||false|false&#8220; custom_margin_tablet=&#8220;&#8220; custom_margin_phone=&#8220;20px|||0px|false|false&#8220; custom_margin_last_edited=&#8220;on|phone&#8220; custom_padding=&#8220;140px|85px|140px|85px|true|true&#8220; custom_padding_tablet=&#8220;60px|35px|30px|35px|false|false&#8220; custom_padding_phone=&#8220;50px|20px||20px|false|true&#8220; animation_direction=&#8220;right&#8220; hover_enabled=&#8220;0&#8243; module_alignment_tablet=&#8220;right&#8220; module_alignment_phone=&#8220;center&#8220; module_alignment_last_edited=&#8220;on|phone&#8220; border_radii=&#8220;off|||5px|5px&#8220; border_radii_tablet=&#8220;off|5px|5px||5px&#8220; border_radii_phone=&#8220;off|5px|5px||5px&#8220; border_radii_last_edited=&#8220;on|phone&#8220; box_shadow_style=&#8220;preset1&#8243; global_colors_info=&#8220;{}&#8220; animation_style=&#8220;slide&#8220; animation_delay=&#8220;500ms&#8220; sticky_enabled=&#8220;0&#8243;][et_pb_column_inner saved_specialty_column_type=&#8220;1_2&#8243; _builder_version=&#8220;4.16&#8243; global_colors_info=&#8220;{}&#8220;][et_pb_text _builder_version=&#8220;4.27.4&#8243; header_font=&#8220;&#8211;et_global_heading_font|700|||||||&#8220; header_text_color=&#8220;#354E61&#8243; header_font_size=&#8220;45px&#8220; header_line_height=&#8220;1.2em&#8220; custom_margin=&#8220;||||false|false&#8220; header_font_size_tablet=&#8220;40px&#8220; header_font_size_phone=&#8220;30px&#8220; header_font_size_last_edited=&#8220;on|tablet&#8220; global_colors_info=&#8220;{}&#8220;]<\/p>\n<h1>FCL Property a.s.<\/h1>\n<p>[\/et_pb_text][et_pb_divider color=&#8220;#354E61&#8243; _builder_version=&#8220;4.27.4&#8243; _module_preset=&#8220;default&#8220; custom_margin=&#8220;28px||||false|false&#8220; global_colors_info=&#8220;{}&#8220;][\/et_pb_divider][et_pb_text _builder_version=&#8220;4.27.4&#8243; text_font=&#8220;&#8211;et_global_body_font||||||||&#8220; text_text_color=&#8220;#354E61&#8243; text_font_size=&#8220;18px&#8220; text_line_height=&#8220;1.8em&#8220; custom_margin=&#8220;-4px||||false|false&#8220; custom_margin_tablet=&#8220;-20px||||false|false&#8220; custom_margin_phone=&#8220;-14px||||false|false&#8220; custom_margin_last_edited=&#8220;on|phone&#8220; custom_padding=&#8220;||||false|false&#8220; global_colors_info=&#8220;{}&#8220;]<\/p>\n<p>P\u0159edm\u011btem \u010dinnosti spole\u010dnosti FCL Property a.s. je dlouhodob\u00e9 vlastnictv\u00ed a spr\u00e1va nemovitost\u00ed. Spole\u010dnost vlastn\u00ed soubor nemovitost\u00ed na Praze 4 \u2013 Libu\u0161i, kter\u00e9 stabiln\u011b pronaj\u00edm\u00e1. V r\u00e1mci sv\u00e9 \u010dinnosti vystupuje jako \u0159\u00e1dn\u00fd vlastn\u00edk i pronaj\u00edmatel, dbaj\u00edc\u00ed na \u0159\u00e1dnou p\u00e9\u010di o sv\u011b\u0159en\u00fd majetek, jeho \u00fadr\u017ebu, rozvoj i stabiln\u00ed a transparentn\u00ed vztahy s n\u00e1jemcem.<\/p>\n<p>C\u00edlem spole\u010dnosti je dlouhodob\u00e9, odpov\u011bdn\u00e9 a profesion\u00e1ln\u00ed nakl\u00e1d\u00e1n\u00ed s jej\u00edm majetkem, v\u010detn\u011b zaji\u0161t\u011bn\u00ed jeho udr\u017eiteln\u00e9 hodnoty do budoucna<\/p>\n<p>[\/et_pb_text][\/et_pb_column_inner][\/et_pb_row_inner][\/et_pb_column][\/et_pb_section][et_pb_section fb_built=&#8220;1&#8243; _builder_version=&#8220;4.27.4&#8243; _module_preset=&#8220;default&#8220; custom_padding=&#8220;100px||||false|false&#8220; global_colors_info=&#8220;{}&#8220;][et_pb_row module_id=&#8220;kontakty&#8220; _builder_version=&#8220;4.27.4&#8243; _module_preset=&#8220;default&#8220; background_color=&#8220;#C0DBE2&#8243; width=&#8220;90%&#8220; width_tablet=&#8220;90%&#8220; width_phone=&#8220;80%&#8220; width_last_edited=&#8220;on|phone&#8220; hover_enabled=&#8220;0&#8243; border_radii=&#8220;on|5px|5px|5px|5px&#8220; box_shadow_style=&#8220;preset1&#8243; box_shadow_vertical=&#8220;1px&#8220; box_shadow_blur=&#8220;10px&#8220; global_colors_info=&#8220;{}&#8220; animation_style=&#8220;slide&#8220; animation_direction=&#8220;bottom&#8220; animation_delay=&#8220;1000ms&#8220; sticky_enabled=&#8220;0&#8243;][et_pb_column type=&#8220;4_4&#8243; _builder_version=&#8220;4.27.4&#8243; _module_preset=&#8220;default&#8220; global_colors_info=&#8220;{}&#8220;][et_pb_text _builder_version=&#8220;4.27.4&#8243; text_font=&#8220;Poppins|700|||||||&#8220; text_text_color=&#8220;#ffffff&#8220; text_font_size=&#8220;30px&#8220; header_font=&#8220;&#8211;et_global_heading_font|600|||||||&#8220; header_font_size=&#8220;40px&#8220; header_2_font=&#8220;|600|||||||&#8220; text_orientation=&#8220;center&#8220; custom_margin=&#8220;||24px|||&#8220; text_font_size_tablet=&#8220;&#8220; text_font_size_phone=&#8220;20px&#8220; text_font_size_last_edited=&#8220;on|desktop&#8220; locked=&#8220;off&#8220; global_colors_info=&#8220;{}&#8220;]<\/p>\n<h2>Kontakty<\/h2>\n<p>[\/et_pb_text][et_pb_text _builder_version=&#8220;4.27.4&#8243; _module_preset=&#8220;default&#8220; text_font=&#8220;&#8211;et_global_heading_font||||||||&#8220; text_font_size=&#8220;18px&#8220; text_letter_spacing=&#8220;1px&#8220; text_line_height=&#8220;1.4em&#8220; text_orientation=&#8220;center&#8220; max_width_tablet=&#8220;80%&#8220; max_width_phone=&#8220;80%&#8220; max_width_last_edited=&#8220;on|phone&#8220; module_alignment=&#8220;center&#8220; global_colors_info=&#8220;{}&#8220;]<\/p>\n<p>FCL Property a.s.<\/p>\n<p>se s\u00eddlem Havl\u00ed\u010dkovo n\u00e1m\u011bst\u00ed 2859\/12, \u017di\u017ekov, 130 00 Praha 3<\/p>\n<p>zapsan\u00e1 v obchodn\u00edm rejst\u0159\u00edku veden\u00e9m M\u011bstsk\u00fdm soudem v Praze, odd\u00edl B, vlo\u017eka 10610<\/p>\n<p>I\u010c: 27433889<\/p>\n<p>info@fclproperty.cz<\/p>\n<p>[\/et_pb_text][\/et_pb_column][\/et_pb_row][\/et_pb_section]<\/p>\n","protected":false},"excerpt":{"rendered":"<p>FCL Property a.s.P\u0159edm\u011btem \u010dinnosti spole\u010dnosti FCL Property a.s. je dlouhodob\u00e9 vlastnictv\u00ed a spr\u00e1va nemovitost\u00ed. Spole\u010dnost vlastn\u00ed soubor nemovitost\u00ed na Praze 4 \u2013 Libu\u0161i, kter\u00e9 stabiln\u011b pronaj\u00edm\u00e1. V r\u00e1mci sv\u00e9 \u010dinnosti vystupuje jako \u0159\u00e1dn\u00fd vlastn\u00edk i pronaj\u00edmatel, dbaj\u00edc\u00ed na \u0159\u00e1dnou p\u00e9\u010di o sv\u011b\u0159en\u00fd majetek, jeho \u00fadr\u017ebu, rozvoj i stabiln\u00ed a transparentn\u00ed vztahy s n\u00e1jemcem. C\u00edlem spole\u010dnosti [&hellip;]<\/p>\n","protected":false},"author":1,"featured_media":22118,"parent":0,"menu_order":0,"comment_status":"closed","ping_status":"closed","template":"","meta":{"_et_pb_use_builder":"on","_et_pb_old_content":"<!-- wp:divi\/placeholder \/-->","_et_gb_content_width":"","footnotes":""},"class_list":["post-10","page","type-page","status-publish","has-post-thumbnail","hentry"],"yoast_head":"<!-- This site is optimized with the Yoast SEO plugin v27.4 - https:\/\/yoast.com\/product\/yoast-seo-wordpress\/ -->\n<title>FCL Property - Pron\u00e1jem nemovitost\u00ed, byt\u016f a nebytov\u00fdch prostor<\/title>\n<meta name=\"description\" content=\"Akciov\u00e1 spole\u010dnost FCL Property se zab\u00fdv\u00e1 pron\u00e1jmem nemovitost\u00ed - byt\u016f, kancel\u00e1\u0159\u00ed a dal\u0161\u00edch prostor. Pro v\u00edce informac\u00ed n\u00e1s kontaktujte.\" \/>\n<meta name=\"robots\" content=\"noindex, follow, max-snippet:-1, max-image-preview:large, max-video-preview:-1\" \/>\n<meta property=\"og:locale\" content=\"cs_CZ\" \/>\n<meta property=\"og:type\" content=\"article\" \/>\n<meta property=\"og:title\" content=\"FCL Property - Pron\u00e1jem nemovitost\u00ed, byt\u016f a nebytov\u00fdch prostor\" \/>\n<meta property=\"og:description\" content=\"Akciov\u00e1 spole\u010dnost FCL Property se zab\u00fdv\u00e1 pron\u00e1jmem nemovitost\u00ed - byt\u016f, kancel\u00e1\u0159\u00ed a dal\u0161\u00edch prostor. Pro v\u00edce informac\u00ed n\u00e1s kontaktujte.\" \/>\n<meta property=\"og:url\" content=\"https:\/\/www.fclproperty.cz\/\" \/>\n<meta property=\"og:site_name\" content=\"FCL Property a.s.\" \/>\n<meta property=\"article:modified_time\" content=\"2025-11-03T14:08:56+00:00\" \/>\n<meta property=\"og:image\" content=\"http:\/\/www.fclproperty.cz\/wp-content\/uploads\/2025\/10\/1.png\" \/>\n\t<meta property=\"og:image:width\" content=\"607\" \/>\n\t<meta property=\"og:image:height\" content=\"387\" \/>\n\t<meta property=\"og:image:type\" content=\"image\/png\" \/>\n<meta name=\"twitter:card\" content=\"summary_large_image\" \/>\n<script type=\"application\/ld+json\" class=\"yoast-schema-graph\">{\"@context\":\"https:\\\/\\\/schema.org\",\"@graph\":[{\"@type\":\"WebPage\",\"@id\":\"https:\\\/\\\/www.fclproperty.cz\\\/\",\"url\":\"https:\\\/\\\/www.fclproperty.cz\\\/\",\"name\":\"FCL Property - Pron\u00e1jem nemovitost\u00ed, byt\u016f a nebytov\u00fdch prostor\",\"isPartOf\":{\"@id\":\"https:\\\/\\\/www.fclproperty.cz\\\/#website\"},\"primaryImageOfPage\":{\"@id\":\"https:\\\/\\\/www.fclproperty.cz\\\/#primaryimage\"},\"image\":{\"@id\":\"https:\\\/\\\/www.fclproperty.cz\\\/#primaryimage\"},\"thumbnailUrl\":\"https:\\\/\\\/www.fclproperty.cz\\\/wp-content\\\/uploads\\\/2025\\\/10\\\/1.png\",\"datePublished\":\"2025-10-29T20:42:47+00:00\",\"dateModified\":\"2025-11-03T14:08:56+00:00\",\"description\":\"Akciov\u00e1 spole\u010dnost FCL Property se zab\u00fdv\u00e1 pron\u00e1jmem nemovitost\u00ed - byt\u016f, kancel\u00e1\u0159\u00ed a dal\u0161\u00edch prostor. Pro v\u00edce informac\u00ed n\u00e1s kontaktujte.\",\"breadcrumb\":{\"@id\":\"https:\\\/\\\/www.fclproperty.cz\\\/#breadcrumb\"},\"inLanguage\":\"cs\",\"potentialAction\":[{\"@type\":\"ReadAction\",\"target\":[\"https:\\\/\\\/www.fclproperty.cz\\\/\"]}]},{\"@type\":\"ImageObject\",\"inLanguage\":\"cs\",\"@id\":\"https:\\\/\\\/www.fclproperty.cz\\\/#primaryimage\",\"url\":\"https:\\\/\\\/www.fclproperty.cz\\\/wp-content\\\/uploads\\\/2025\\\/10\\\/1.png\",\"contentUrl\":\"https:\\\/\\\/www.fclproperty.cz\\\/wp-content\\\/uploads\\\/2025\\\/10\\\/1.png\",\"width\":607,\"height\":387},{\"@type\":\"BreadcrumbList\",\"@id\":\"https:\\\/\\\/www.fclproperty.cz\\\/#breadcrumb\",\"itemListElement\":[{\"@type\":\"ListItem\",\"position\":1,\"name\":\"Dom\u016f\",\"item\":\"https:\\\/\\\/www.fclproperty.cz\\\/\"},{\"@type\":\"ListItem\",\"position\":2,\"name\":\"FCL Property\"}]},{\"@type\":\"WebSite\",\"@id\":\"https:\\\/\\\/www.fclproperty.cz\\\/#website\",\"url\":\"https:\\\/\\\/www.fclproperty.cz\\\/\",\"name\":\"FCL Property a.s.\",\"description\":\"Pron\u00e1jem nemovitost\u00ed, byt\u016f a nebytov\u00fdch prostor\",\"potentialAction\":[{\"@type\":\"SearchAction\",\"target\":{\"@type\":\"EntryPoint\",\"urlTemplate\":\"https:\\\/\\\/www.fclproperty.cz\\\/?s={search_term_string}\"},\"query-input\":{\"@type\":\"PropertyValueSpecification\",\"valueRequired\":true,\"valueName\":\"search_term_string\"}}],\"inLanguage\":\"cs\"}]}<\/script>\n<!-- \/ Yoast SEO plugin. -->","yoast_head_json":{"title":"FCL Property - Pron\u00e1jem nemovitost\u00ed, byt\u016f a nebytov\u00fdch prostor","description":"Akciov\u00e1 spole\u010dnost FCL Property se zab\u00fdv\u00e1 pron\u00e1jmem nemovitost\u00ed - byt\u016f, kancel\u00e1\u0159\u00ed a dal\u0161\u00edch prostor. Pro v\u00edce informac\u00ed n\u00e1s kontaktujte.","robots":{"index":"noindex","follow":"follow","max-snippet":"max-snippet:-1","max-image-preview":"max-image-preview:large","max-video-preview":"max-video-preview:-1"},"og_locale":"cs_CZ","og_type":"article","og_title":"FCL Property - Pron\u00e1jem nemovitost\u00ed, byt\u016f a nebytov\u00fdch prostor","og_description":"Akciov\u00e1 spole\u010dnost FCL Property se zab\u00fdv\u00e1 pron\u00e1jmem nemovitost\u00ed - byt\u016f, kancel\u00e1\u0159\u00ed a dal\u0161\u00edch prostor. Pro v\u00edce informac\u00ed n\u00e1s kontaktujte.","og_url":"https:\/\/www.fclproperty.cz\/","og_site_name":"FCL Property a.s.","article_modified_time":"2025-11-03T14:08:56+00:00","og_image":[{"width":607,"height":387,"url":"http:\/\/www.fclproperty.cz\/wp-content\/uploads\/2025\/10\/1.png","type":"image\/png"}],"twitter_card":"summary_large_image","schema":{"@context":"https:\/\/schema.org","@graph":[{"@type":"WebPage","@id":"https:\/\/www.fclproperty.cz\/","url":"https:\/\/www.fclproperty.cz\/","name":"FCL Property - Pron\u00e1jem nemovitost\u00ed, byt\u016f a nebytov\u00fdch prostor","isPartOf":{"@id":"https:\/\/www.fclproperty.cz\/#website"},"primaryImageOfPage":{"@id":"https:\/\/www.fclproperty.cz\/#primaryimage"},"image":{"@id":"https:\/\/www.fclproperty.cz\/#primaryimage"},"thumbnailUrl":"https:\/\/www.fclproperty.cz\/wp-content\/uploads\/2025\/10\/1.png","datePublished":"2025-10-29T20:42:47+00:00","dateModified":"2025-11-03T14:08:56+00:00","description":"Akciov\u00e1 spole\u010dnost FCL Property se zab\u00fdv\u00e1 pron\u00e1jmem nemovitost\u00ed - byt\u016f, kancel\u00e1\u0159\u00ed a dal\u0161\u00edch prostor. Pro v\u00edce informac\u00ed n\u00e1s kontaktujte.","breadcrumb":{"@id":"https:\/\/www.fclproperty.cz\/#breadcrumb"},"inLanguage":"cs","potentialAction":[{"@type":"ReadAction","target":["https:\/\/www.fclproperty.cz\/"]}]},{"@type":"ImageObject","inLanguage":"cs","@id":"https:\/\/www.fclproperty.cz\/#primaryimage","url":"https:\/\/www.fclproperty.cz\/wp-content\/uploads\/2025\/10\/1.png","contentUrl":"https:\/\/www.fclproperty.cz\/wp-content\/uploads\/2025\/10\/1.png","width":607,"height":387},{"@type":"BreadcrumbList","@id":"https:\/\/www.fclproperty.cz\/#breadcrumb","itemListElement":[{"@type":"ListItem","position":1,"name":"Dom\u016f","item":"https:\/\/www.fclproperty.cz\/"},{"@type":"ListItem","position":2,"name":"FCL Property"}]},{"@type":"WebSite","@id":"https:\/\/www.fclproperty.cz\/#website","url":"https:\/\/www.fclproperty.cz\/","name":"FCL Property a.s.","description":"Pron\u00e1jem nemovitost\u00ed, byt\u016f a nebytov\u00fdch prostor","potentialAction":[{"@type":"SearchAction","target":{"@type":"EntryPoint","urlTemplate":"https:\/\/www.fclproperty.cz\/?s={search_term_string}"},"query-input":{"@type":"PropertyValueSpecification","valueRequired":true,"valueName":"search_term_string"}}],"inLanguage":"cs"}]}},"_links":{"self":[{"href":"https:\/\/www.fclproperty.cz\/index.php?rest_route=\/wp\/v2\/pages\/10","targetHints":{"allow":["GET"]}}],"collection":[{"href":"https:\/\/www.fclproperty.cz\/index.php?rest_route=\/wp\/v2\/pages"}],"about":[{"href":"https:\/\/www.fclproperty.cz\/index.php?rest_route=\/wp\/v2\/types\/page"}],"author":[{"embeddable":true,"href":"https:\/\/www.fclproperty.cz\/index.php?rest_route=\/wp\/v2\/users\/1"}],"replies":[{"embeddable":true,"href":"https:\/\/www.fclproperty.cz\/index.php?rest_route=%2Fwp%2Fv2%2Fcomments&post=10"}],"version-history":[{"count":15,"href":"https:\/\/www.fclproperty.cz\/index.php?rest_route=\/wp\/v2\/pages\/10\/revisions"}],"predecessor-version":[{"id":71324,"href":"https:\/\/www.fclproperty.cz\/index.php?rest_route=\/wp\/v2\/pages\/10\/revisions\/71324"}],"wp:featuredmedia":[{"embeddable":true,"href":"https:\/\/www.fclproperty.cz\/index.php?rest_route=\/wp\/v2\/media\/22118"}],"wp:attachment":[{"href":"https:\/\/www.fclproperty.cz\/index.php?rest_route=%2Fwp%2Fv2%2Fmedia&parent=10"}],"curies":[{"name":"wp","href":"https:\/\/api.w.org\/{rel}","templated":true}]}}